{"id":3243,"date":"2026-01-23T08:53:32","date_gmt":"2026-01-23T08:53:32","guid":{"rendered":"https:\/\/naco.company\/?page_id=3243"},"modified":"2026-04-08T09:42:21","modified_gmt":"2026-04-08T09:42:21","slug":"bartender","status":"publish","type":"page","link":"https:\/\/naco.company\/vi\/careers\/bartender\/","title":{"rendered":"Career &#8211; Bartender"},"content":{"rendered":"<div id=\"fws_69f3a38fa5bdd\"  data-column-margin=\"default\" data-midnight=\"dark\" data-top-percent=\"6%\" data-bottom-percent=\"6%\"  class=\"wpb_row vc_row-fluid vc_row full-width-section\"  style=\"padding-top: calc(100vw * 0.06); padding-bottom: calc(100vw * 0.06); \"><div class=\"row-bg-wrap\" data-bg-animation=\"none\" data-bg-animation-delay=\"\" data-bg-overlay=\"false\"><div class=\"inner-wrap row-bg-layer\" ><div class=\"row-bg viewport-desktop using-bg-color\"  style=\"background-color: #ffffff; \"><\/div><\/div><\/div><div class=\"row_col_wrap_12 col span_12 dark left\">\n\t<div  class=\"vc_col-sm-12 wpb_column column_container vc_column_container col no-extra-padding inherit_tablet inherit_phone\"  data-padding-pos=\"all\" data-has-bg-color=\"false\" data-bg-color=\"\" data-bg-opacity=\"1\" data-animation=\"\" data-delay=\"0\" >\n\t\t<div class=\"vc_column-inner\" >\n\t\t\t<div class=\"wpb_wrapper\">\n\t\t\t\t<div class=\"nectar-scrolling-tabs\" data-m-display=\"visible\" data-nav-tag=\"h3\" data-tab-spacing=\"40%\" data-navigation-width=\"regular\" data-color-scheme=\"accent-color\"><div class=\"scrolling-tab-nav\"><div class=\"line\"><\/div><ul class=\"wpb_tabs_nav ui-tabs-nav\" data-spacing=\"45px\"><li class=\"menu-item active-tab\"><div class=\"menu-content\"><h3 class=\"tab-nav-heading nectar-bg-pseudo-accent-color\"><a class=\"skip-hash\" href=\"#tab_69f3a38fa64c8\"><span>M\u00f4 t\u1ea3 c\u00f4ng vi\u1ec7c<\/span><\/a><\/h3><\/div><\/li><li class=\"menu-item\"><div class=\"menu-content\"><h3 class=\"tab-nav-heading nectar-bg-pseudo-accent-color\"><a class=\"skip-hash\" href=\"#tab_69f3a38fa64cf\"><span>K\u1ef9 n\u0103ng &amp; Y\u00eau c\u1ea7u<\/span><\/a><\/h3><\/div><\/li><li class=\"menu-item\"><div class=\"menu-content\"><h3 class=\"tab-nav-heading nectar-bg-pseudo-accent-color\"><a class=\"skip-hash\" href=\"#tab_69f3a38fa64d2\"><span>Quy\u1ec1n l\u1ee3i<\/span><\/a><\/h3><\/div><\/li><\/ul><\/div><div class=\"scrolling-tab-content\">\n\t\t\t<div id=\"tab-mo-ta-cong-viec\" data-tab-icon=\"\" class=\"wpb_tab ui-tabs-panel wpb_ui-tabs-hide clearfix\">\n\t\t\t\t<div id=\"fws_69f3a38fa6ac8\" data-midnight=\"\" data-column-margin=\"default\" class=\"wpb_row vc_row-fluid vc_row inner_row\"  style=\"\"><div class=\"row-bg-wrap\"> <div class=\"row-bg\" ><\/div> <\/div><div class=\"row_col_wrap_12_inner col span_12  left\">\n\t<div  class=\"vc_col-sm-12 wpb_column column_container vc_column_container col child_column has-animation no-extra-padding inherit_tablet inherit_phone\"   data-padding-pos=\"top-bottom\" data-has-bg-color=\"false\" data-bg-color=\"\" data-bg-opacity=\"1\" data-animation=\"fade-in-from-bottom\" data-delay=\"100\" >\n\t\t<div class=\"vc_column-inner\" >\n\t\t<div class=\"wpb_wrapper\">\n\t\t\t<div class=\"nectar-responsive-text font_size_min_16px font_size_desktop_2vw font_size_tablet_4vw font_line_height_1-8 nectar-link-underline-effect\"><ul>\n<li data-start=\"24\" data-end=\"107\">\n<p data-start=\"26\" data-end=\"107\">Chu\u1ea9n b\u1ecb qu\u1ea7y bar tr\u01b0\u1edbc ca l\u00e0m vi\u1ec7c: Ki\u1ec3m tra d\u1ee5ng c\u1ee5, ly t\u00e1ch, nguy\u00ean li\u1ec7u, \u0111\u00e1 v\u00e0 t\u1ee7 l\u1ea1nh.<\/p>\n<\/li>\n<li data-start=\"108\" data-end=\"186\">\n<p data-start=\"110\" data-end=\"186\">Nh\u1eadn \u0111\u01a1n h\u00e0ng v\u00e0 pha ch\u1ebf \u0111\u1ed3 u\u1ed1ng \u0111\u00fang c\u00f4ng th\u1ee9c, \u0111\u00fang ti\u00eau chu\u1ea9n, \u0111\u00fang t\u1ed1c \u0111\u1ed9.<\/p>\n<\/li>\n<li data-start=\"187\" data-end=\"265\">\n<p data-start=\"189\" data-end=\"265\">Gi\u1eef qu\u1ea7y bar s\u1ea1ch s\u1ebd trong su\u1ed1t ca l\u00e0m vi\u1ec7c: lau qu\u1ea7y, r\u1eeda\/thu gom ly \u2013 d\u1ee5ng c\u1ee5 bar.<\/p>\n<\/li>\n<li data-start=\"266\" data-end=\"350\">\n<p data-start=\"268\" data-end=\"350\">B\u1ed5 sung bia, n\u01b0\u1edbc ng\u1ecdt, n\u01b0\u1edbc l\u1ecdc, \u0111\u00e1 v\u00e0 c\u00e1c v\u1eadt t\u01b0 c\u1ea7n thi\u1ebft trong ca l\u00e0m vi\u1ec7c.<\/p>\n<\/li>\n<li data-start=\"351\" data-end=\"400\">\n<p data-start=\"353\" data-end=\"400\">H\u1ed7 tr\u1ee3 FOH ph\u1ee5c v\u1ee5 \u0111\u1ed3 u\u1ed1ng v\u00e0 thu d\u1ecdn ly khi c\u1ea7n thi\u1ebft.<\/p>\n<\/li>\n<li data-start=\"401\" data-end=\"492\">\n<p data-start=\"403\" data-end=\"492\">Qu\u1ea3n l\u00fd r\u00e1c\/th\u00f9ng bia trong ca: thay t\u00fai r\u00e1c, x\u1eed l\u00fd r\u00e1c theo quy tr\u00ecnh \u0111\u00fang v\u00e0 \u0111\u1ea3m b\u1ea3o v\u1ec7 sinh.<\/p>\n<\/li>\n<li data-start=\"493\" data-end=\"590\">\n<p data-start=\"495\" data-end=\"590\">Tu\u00e2n th\u1ee7 quy tr\u00ecnh ti\u00eau chu\u1ea9n (SOP) Bar (b\u1eaft \u0111\u1ea7u ca \u2013 l\u00e0m vi\u1ec7c ca \u2013 k\u1ebft th\u00fac ca) v\u00e0 th\u1ef1c hi\u1ec7n nhi\u1ec7m v\u1ee5 theo ph\u00e2n c\u00f4ng c\u1ee7a qu\u1ea3n l\u00fd.<\/p>\n<\/li>\n<li data-start=\"591\" data-end=\"672\">\n<p data-start=\"593\" data-end=\"672\">H\u1ed7 tr\u1ee3 qu\u1ea3n l\u00fd trong vi\u1ec7c h\u01b0\u1edbng d\u1eabn, \u0111\u00e0o t\u1ea1o v\u00e0 h\u1ed7 tr\u1ee3 nh\u00e2n vi\u00ean m\u1edbi (khi \u0111\u01b0\u1ee3c giao nhi\u1ec7m v\u1ee5)<\/p>\n<\/li>\n<\/ul>\n<\/div>\n\t\t<\/div> \n\t<\/div>\n\t<\/div> \n<\/div><\/div>\n\t\t\t<\/div> \n\t\t\t<div id=\"tab-ky-nang-yeu-cau\" data-tab-icon=\"\" class=\"wpb_tab ui-tabs-panel wpb_ui-tabs-hide clearfix\">\n\t\t\t\t<div id=\"fws_69f3a38fa7530\" data-midnight=\"\" data-column-margin=\"default\" class=\"wpb_row vc_row-fluid vc_row inner_row\"  style=\"\"><div class=\"row-bg-wrap\"> <div class=\"row-bg\" ><\/div> <\/div><div class=\"row_col_wrap_12_inner col span_12  left\">\n\t<div  class=\"vc_col-sm-12 wpb_column column_container vc_column_container col child_column has-animation padding-3-percent inherit_tablet inherit_phone\"   data-padding-pos=\"top-bottom\" data-has-bg-color=\"false\" data-bg-color=\"\" data-bg-opacity=\"1\" data-animation=\"fade-in-from-bottom\" data-delay=\"100\" >\n\t\t<div class=\"vc_column-inner\" >\n\t\t<div class=\"wpb_wrapper\">\n\t\t\t<div class=\"nectar-responsive-text font_size_min_16px font_size_desktop_2vw font_size_tablet_4vw font_line_height_1-8 nectar-link-underline-effect\"><ul data-start=\"700\" data-end=\"1083\">\n<li data-start=\"700\" data-end=\"767\">\n<p data-start=\"702\" data-end=\"767\">T\u1ed5 ch\u1ee9c t\u1ed1t, g\u1ecdn g\u00e0ng, l\u00e0m vi\u1ec7c theo quy tr\u00ecnh (process-oriented)<\/p>\n<\/li>\n<li data-start=\"768\" data-end=\"817\">\n<p data-start=\"770\" data-end=\"817\">S\u1ea1ch s\u1ebd, ch\u00fa \u00fd \u0111\u1ebfn ti\u00eau chu\u1ea9n v\u1ec7 sinh khu v\u1ef1c qu\u1ea7y bar.<\/p>\n<\/li>\n<li data-start=\"818\" data-end=\"888\">\n<p data-start=\"820\" data-end=\"888\">Giao ti\u1ebfp t\u1ed1t, c\u00f3 kh\u1ea3 n\u0103ng giao ti\u1ebfp b\u1eb1ng ti\u1ebfng Anh trong m\u00f4i tr\u01b0\u1eddng ph\u1ee5c v\u1ee5.<\/p>\n<\/li>\n<li data-start=\"889\" data-end=\"942\">\n<p data-start=\"891\" data-end=\"942\">C\u00f3 kh\u1ea3 n\u0103ng l\u00e0m vi\u1ec7c \u0111\u1ed9c l\u1eadp v\u00e0 l\u00e0m vi\u1ec7c nh\u00f3m hi\u1ec7u qu\u1ea3.<\/p>\n<\/li>\n<li data-start=\"943\" data-end=\"1002\">\n<p data-start=\"945\" data-end=\"1002\">S\u1ee9c kh\u1ecfe t\u1ed1t, c\u00f3 th\u1ec3 ch\u1ecbu \u0111\u01b0\u1ee3c c\u01b0\u1eddng \u0111\u1ed9 cao trong gi\u1edd cao \u0111i\u1ec3m.<\/p>\n<\/li>\n<li data-start=\"1003\" data-end=\"1051\">\n<p data-start=\"1005\" data-end=\"1051\">Tr\u00e1ch nhi\u1ec7m, trung th\u1ef1c, t\u1eadp trung, c\u1ea7n c\u00f9<\/p>\n<\/li>\n<li data-start=\"1052\" data-end=\"1083\">\n<p data-start=\"1054\" data-end=\"1083\">Lin ho\u1ea1t, c\u1edfi m\u1edf, \u0111\u00fang gi\u1edd<\/p>\n<\/li>\n<\/ul>\n<\/div>\n\t\t<\/div> \n\t<\/div>\n\t<\/div> \n<\/div><\/div>\n\t\t\t<\/div> \n\t\t\t<div id=\"tab-quyen-loi\" data-tab-icon=\"\" class=\"wpb_tab ui-tabs-panel wpb_ui-tabs-hide clearfix\">\n\t\t\t\t<div id=\"fws_69f3a38fa7cc4\" data-midnight=\"\" data-column-margin=\"default\" class=\"wpb_row vc_row-fluid vc_row inner_row\"  style=\"\"><div class=\"row-bg-wrap\"> <div class=\"row-bg\" ><\/div> <\/div><div class=\"row_col_wrap_12_inner col span_12  left\">\n\t<div  class=\"vc_col-sm-12 wpb_column column_container vc_column_container col child_column has-animation padding-3-percent inherit_tablet inherit_phone\"   data-padding-pos=\"top-bottom\" data-has-bg-color=\"false\" data-bg-color=\"\" data-bg-opacity=\"1\" data-animation=\"fade-in-from-bottom\" data-delay=\"100\" >\n\t\t<div class=\"vc_column-inner\" >\n\t\t<div class=\"wpb_wrapper\">\n\t\t\t<div class=\"nectar-responsive-text font_size_min_16px font_size_desktop_2vw font_size_tablet_4vw font_line_height_1-8 nectar-link-underline-effect\"><ul>\n<li data-start=\"1102\" data-end=\"1156\">\n<p data-start=\"1104\" data-end=\"1156\">L\u01b0\u01a1ng: t\u1eeb 35.000 \u0111\u1ed3ng\/gi\u1edd<\/p>\n<\/li>\n<li data-start=\"1157\" data-end=\"1210\">\n<p data-start=\"1159\" data-end=\"1210\">Xem x\u00e9t t\u0103ng l\u01b0\u01a1ng d\u1ef1a tr\u00ean hi\u1ec7u su\u1ea5t l\u00e0m vi\u1ec7c v\u00e0 th\u1eddi gian l\u00e0m vi\u1ec7c t\u1ea1i c\u00f4ng ty.<\/p>\n<\/li>\n<li data-start=\"1211\" data-end=\"1236\">\n<p data-start=\"1213\" data-end=\"1236\">Th\u01b0\u1edfng theo hi\u1ec7u su\u1ea5t<\/p>\n<\/li>\n<li data-start=\"1237\" data-end=\"1257\">\n<p data-start=\"1239\" data-end=\"1257\">L\u1ec5 l\u01b0\u01a1ng x2 \/ x3<\/p>\n<\/li>\n<li data-start=\"1258\" data-end=\"1279\">\n<p data-start=\"1260\" data-end=\"1279\">Ph\u1ea7n \u0103n cho nh\u00e2n vi\u00ean<\/p>\n<\/li>\n<li data-start=\"1280\" data-end=\"1305\">\n<p data-start=\"1282\" data-end=\"1305\">Gi\u1ea3m gi\u00e1 khi s\u1eed d\u1ee5ng m\u00f3n \u0103n<\/p>\n<\/li>\n<li data-start=\"1306\" data-end=\"1341\">\n<p data-start=\"1308\" data-end=\"1341\">C\u01a1 h\u1ed9i ph\u00e1t tri\u1ec3n v\u00e0 th\u0103ng ti\u1ebfn<\/p>\n<\/li>\n<li data-start=\"1342\" data-end=\"1364\">\n<p data-start=\"1344\" data-end=\"1364\">L\u1ecbch l\u00e0m vi\u1ec7c linh ho\u1ea1t<\/p>\n<\/li>\n<li data-start=\"1365\" data-end=\"1403\" data-is-last-node=\"\">\n<p data-start=\"1367\" data-end=\"1403\" data-is-last-node=\"\">M\u00f4i tr\u01b0\u1eddng t\u00f4n tr\u1ecdng v\u00e0 chuy\u00ean nghi\u1ec7p<\/p>\n<\/li>\n<\/ul>\n<p>&nbsp;<\/p>\n<p><strong>\u1ee8ng tuy\u1ec3n:<\/strong><br \/>\nEmail: hr@nacotaco.vn<br \/>\nHo\u1eb7c nh\u1eafn tin cho trang fanpage NacoTaco.<\/p>\n<div id=\"simple-translate\" class=\"simple-translate-system-theme\">\n<div>\n<div class=\"simple-translate-button\" style=\"height: 22px;width: 22px;top: 10px;left: 10px\"><\/div>\n<div class=\"simple-translate-panel\" style=\"width: 300px;height: 200px;top: 0px;left: 0px;font-size: 13px\">\n<div class=\"simple-translate-result-wrapper\" style=\"overflow: hidden\">\n<div class=\"simple-translate-move\"><\/div>\n<div class=\"simple-translate-result-contents\">\n<p class=\"simple-translate-candidate\" dir=\"auto\">\n<\/div>\n<\/div>\n<\/div>\n<\/div>\n<\/div>\n<\/div>\n\t\t<\/div> \n\t<\/div>\n\t<\/div> \n<\/div><\/div>\n\t\t\t<\/div> <\/div><\/div>\n\t\t\t<\/div> \n\t\t<\/div>\n\t<\/div> \n<\/div><\/div>","protected":false},"excerpt":{"rendered":"M\u00f4 T\u1ea3 C\u00f4ng Vi\u1ec7cK\u1ef9 N\u0103ng &amp; Y\u00eau C\u1ea7uQuy\u1ec1n L\u1ee3i Set up qu\u1ea7y bar tr\u01b0\u1edbc ca: ki\u1ec3m tra d\u1ee5ng c\u1ee5, ly t\u00e1ch, nguy\u00ean li\u1ec7u, \u0111\u00e1 v\u00e0 t\u1ee7 l\u1ea1nh Nh\u1eadn order v\u00e0...","protected":false},"author":2,"featured_media":0,"parent":3140,"menu_order":0,"comment_status":"closed","ping_status":"closed","template":"","meta":{"footnotes":""},"class_list":["post-3243","page","type-page","status-publish"],"_links":{"self":[{"href":"https:\/\/naco.company\/vi\/wp-json\/wp\/v2\/pages\/3243","targetHints":{"allow":["GET"]}}],"collection":[{"href":"https:\/\/naco.company\/vi\/wp-json\/wp\/v2\/pages"}],"about":[{"href":"https:\/\/naco.company\/vi\/wp-json\/wp\/v2\/types\/page"}],"author":[{"embeddable":true,"href":"https:\/\/naco.company\/vi\/wp-json\/wp\/v2\/users\/2"}],"replies":[{"embeddable":true,"href":"https:\/\/naco.company\/vi\/wp-json\/wp\/v2\/comments?post=3243"}],"version-history":[{"count":3,"href":"https:\/\/naco.company\/vi\/wp-json\/wp\/v2\/pages\/3243\/revisions"}],"predecessor-version":[{"id":3312,"href":"https:\/\/naco.company\/vi\/wp-json\/wp\/v2\/pages\/3243\/revisions\/3312"}],"up":[{"embeddable":true,"href":"https:\/\/naco.company\/vi\/wp-json\/wp\/v2\/pages\/3140"}],"wp:attachment":[{"href":"https:\/\/naco.company\/vi\/wp-json\/wp\/v2\/media?parent=3243"}],"curies":[{"name":"wp","href":"https:\/\/api.w.org\/{rel}","templated":true}]}}