{"id":3230,"date":"2026-01-23T08:34:24","date_gmt":"2026-01-23T08:34:24","guid":{"rendered":"https:\/\/naco.company\/?page_id=3230"},"modified":"2026-01-23T08:50:01","modified_gmt":"2026-01-23T08:50:01","slug":"cashier","status":"publish","type":"page","link":"https:\/\/naco.company\/vi\/careers\/cashier\/","title":{"rendered":"Career &#8211; Cashier"},"content":{"rendered":"<div id=\"fws_69f3a6861d2fa\"  data-column-margin=\"default\" data-midnight=\"dark\" data-top-percent=\"6%\" data-bottom-percent=\"6%\"  class=\"wpb_row vc_row-fluid vc_row full-width-section\"  style=\"padding-top: calc(100vw * 0.06); padding-bottom: calc(100vw * 0.06); \"><div class=\"row-bg-wrap\" data-bg-animation=\"none\" data-bg-animation-delay=\"\" data-bg-overlay=\"false\"><div class=\"inner-wrap row-bg-layer\" ><div class=\"row-bg viewport-desktop using-bg-color\"  style=\"background-color: #ffffff; \"><\/div><\/div><\/div><div class=\"row_col_wrap_12 col span_12 dark left\">\n\t<div  class=\"vc_col-sm-12 wpb_column column_container vc_column_container col no-extra-padding inherit_tablet inherit_phone\"  data-padding-pos=\"all\" data-has-bg-color=\"false\" data-bg-color=\"\" data-bg-opacity=\"1\" data-animation=\"\" data-delay=\"0\" >\n\t\t<div class=\"vc_column-inner\" >\n\t\t\t<div class=\"wpb_wrapper\">\n\t\t\t\t<div class=\"nectar-scrolling-tabs\" data-m-display=\"visible\" data-nav-tag=\"h3\" data-tab-spacing=\"40%\" data-navigation-width=\"regular\" data-color-scheme=\"accent-color\"><div class=\"scrolling-tab-nav\"><div class=\"line\"><\/div><ul class=\"wpb_tabs_nav ui-tabs-nav\" data-spacing=\"45px\"><li class=\"menu-item active-tab\"><div class=\"menu-content\"><h3 class=\"tab-nav-heading nectar-bg-pseudo-accent-color\"><a class=\"skip-hash\" href=\"#tab_69f3a6861dadd\"><span>M\u00f4 t\u1ea3 c\u00f4ng vi\u1ec7c<\/span><\/a><\/h3><\/div><\/li><li class=\"menu-item\"><div class=\"menu-content\"><h3 class=\"tab-nav-heading nectar-bg-pseudo-accent-color\"><a class=\"skip-hash\" href=\"#tab_69f3a6861dae1\"><span>K\u1ef9 n\u0103ng &amp; Y\u00eau c\u1ea7u<\/span><\/a><\/h3><\/div><\/li><li class=\"menu-item\"><div class=\"menu-content\"><h3 class=\"tab-nav-heading nectar-bg-pseudo-accent-color\"><a class=\"skip-hash\" href=\"#tab_69f3a6861dae4\"><span>Quy\u1ec1n l\u1ee3i<\/span><\/a><\/h3><\/div><\/li><\/ul><\/div><div class=\"scrolling-tab-content\">\n\t\t\t<div id=\"tab-mo-ta-cong-viec\" data-tab-icon=\"\" class=\"wpb_tab ui-tabs-panel wpb_ui-tabs-hide clearfix\">\n\t\t\t\t<div id=\"fws_69f3a6861ddfe\" data-midnight=\"\" data-column-margin=\"default\" class=\"wpb_row vc_row-fluid vc_row inner_row\"  style=\"\"><div class=\"row-bg-wrap\"> <div class=\"row-bg\" ><\/div> <\/div><div class=\"row_col_wrap_12_inner col span_12  left\">\n\t<div  class=\"vc_col-sm-12 wpb_column column_container vc_column_container col child_column has-animation no-extra-padding inherit_tablet inherit_phone\"   data-padding-pos=\"top-bottom\" data-has-bg-color=\"false\" data-bg-color=\"\" data-bg-opacity=\"1\" data-animation=\"fade-in-from-bottom\" data-delay=\"100\" >\n\t\t<div class=\"vc_column-inner\" >\n\t\t<div class=\"wpb_wrapper\">\n\t\t\t<div class=\"nectar-responsive-text font_size_min_16px font_size_desktop_2vw font_size_tablet_4vw font_line_height_1-8 nectar-link-underline-effect\"><ul>\n<li data-start=\"24\" data-end=\"119\">\n<p data-start=\"26\" data-end=\"119\">Thu ng\u00e2n, ki\u1ec3m tra h\u00f3a \u0111\u01a1n, x\u1eed l\u00fd thanh to\u00e1n (ti\u1ec1n m\u1eb7t\/chuy\u1ec3n kho\u1ea3n\/th\u1ebb n\u1ebfu c\u00f3) nhanh ch\u00f3ng \u2013 ch\u00ednh x\u00e1c<\/p>\n<\/li>\n<li data-start=\"120\" data-end=\"188\">\n<p data-start=\"122\" data-end=\"188\">Xu\u1ea5t h\u00f3a \u0111\u01a1n\/phi\u1ebfu thanh to\u00e1n, ki\u1ec3m so\u00e1t sai l\u1ec7ch v\u00e0 \u0111\u1ed1i chi\u1ebfu ca<\/p>\n<\/li>\n<li data-start=\"189\" data-end=\"293\">\n<p data-start=\"191\" data-end=\"293\">Nh\u1eadp \u0111\u01a1n h\u00e0ng\/ch\u1ec9nh s\u1eeda \u0111\u01a1n h\u00e0ng tr\u00ean h\u1ec7 th\u1ed1ng theo quy tr\u00ecnh, ph\u1ed1i h\u1ee3p v\u1edbi b\u1ed9 ph\u1eadn FOH\/BOH\/Bar khi x\u1ea3y ra l\u1ed7i.<\/p>\n<\/li>\n<li data-start=\"294\" data-end=\"369\">\n<p data-start=\"296\" data-end=\"369\">V\u1eadn h\u00e0nh v\u00e0 x\u1eed l\u00fd \u0111\u01a1n h\u00e0ng tr\u00ean c\u00e1c k\u00eanh b\u00e1n h\u00e0ng (Grab, ShopeeFood\u2026 n\u1ebfu c\u00f3)<\/p>\n<\/li>\n<li data-start=\"370\" data-end=\"452\">\n<p data-start=\"372\" data-end=\"452\">Qu\u1ea3n l\u00fd qu\u1ef9 ti\u1ec1n m\u1eb7t t\u1ea1i qu\u1ea7y, b\u00e0n giao ca r\u00f5 r\u00e0ng (m\u1edf ca \u2013 ch\u1ea1y ca \u2013 \u0111\u00f3ng ca)<\/p>\n<\/li>\n<li data-start=\"453\" data-end=\"537\">\n<p data-start=\"455\" data-end=\"537\">H\u1ed7 tr\u1ee3 kh\u00e1ch h\u00e0ng c\u00e1c y\u00eau c\u1ea7u li\u00ean quan \u0111\u1ebfn thanh to\u00e1n\/h\u00f3a \u0111\u01a1n m\u1ed9t c\u00e1ch chuy\u00ean nghi\u1ec7p.<\/p>\n<\/li>\n<li data-start=\"538\" data-end=\"586\">\n<p data-start=\"540\" data-end=\"586\">Tu\u00e2n th\u1ee7 quy tr\u00ecnh v\u1eadn h\u00e0nh ti\u00eau chu\u1ea9n (SOP) c\u1ee7a b\u1ed9 ph\u1eadn thu ng\u00e2n v\u00e0 c\u00e1c quy \u0111\u1ecbnh v\u1eadn h\u00e0nh.<\/p>\n<\/li>\n<\/ul>\n<\/div>\n\t\t<\/div> \n\t<\/div>\n\t<\/div> \n<\/div><\/div>\n\t\t\t<\/div> \n\t\t\t<div id=\"tab-ky-nang-yeu-cau\" data-tab-icon=\"\" class=\"wpb_tab ui-tabs-panel wpb_ui-tabs-hide clearfix\">\n\t\t\t\t<div id=\"fws_69f3a6861e539\" data-midnight=\"\" data-column-margin=\"default\" class=\"wpb_row vc_row-fluid vc_row inner_row\"  style=\"\"><div class=\"row-bg-wrap\"> <div class=\"row-bg\" ><\/div> <\/div><div class=\"row_col_wrap_12_inner col span_12  left\">\n\t<div  class=\"vc_col-sm-12 wpb_column column_container vc_column_container col child_column has-animation padding-3-percent inherit_tablet inherit_phone\"   data-padding-pos=\"top-bottom\" data-has-bg-color=\"false\" data-bg-color=\"\" data-bg-opacity=\"1\" data-animation=\"fade-in-from-bottom\" data-delay=\"100\" >\n\t\t<div class=\"vc_column-inner\" >\n\t\t<div class=\"wpb_wrapper\">\n\t\t\t<div class=\"nectar-responsive-text font_size_min_16px font_size_desktop_2vw font_size_tablet_4vw font_line_height_1-8 nectar-link-underline-effect\"><ul>\n<li data-start=\"614\" data-end=\"650\">\n<p data-start=\"616\" data-end=\"650\"><strong data-start=\"616\" data-end=\"637\">Y\u00eau c\u1ea7u quan tr\u1ecdng nh\u1ea5t:<\/strong> Th\u00e0nh th\u1eadt<\/p>\n<\/li>\n<li data-start=\"651\" data-end=\"697\">\n<p data-start=\"653\" data-end=\"697\">N\u1eafm v\u1eefng ki\u1ebfn th\u1ee9c c\u01a1 b\u1ea3n v\u1ec1 tin h\u1ecdc v\u0103n ph\u00f2ng (Word, Excel)<\/p>\n<\/li>\n<li data-start=\"698\" data-end=\"761\">\n<p data-start=\"700\" data-end=\"761\">C\u00f3 kh\u1ea3 n\u0103ng l\u00e0m vi\u1ec7c \u0111a nhi\u1ec7m, ch\u1ecbu \u0111\u01b0\u1ee3c \u00e1p l\u1ef1c trong gi\u1edd cao \u0111i\u1ec3m.<\/p>\n<\/li>\n<li data-start=\"762\" data-end=\"816\">\n<p data-start=\"764\" data-end=\"816\">Giao ti\u1ebfp t\u1ed1t, x\u1eed l\u00fd t\u00ecnh hu\u1ed1ng nhanh ch\u00f3ng v\u00e0 b\u00ecnh t\u0129nh.<\/p>\n<\/li>\n<li data-start=\"817\" data-end=\"879\">\n<p data-start=\"819\" data-end=\"879\">Giao ti\u1ebfp ti\u1ebfng Anh c\u01a1 b\u1ea3n\/trung c\u1ea5p (t\u00f9y theo ca l\u00e0m vi\u1ec7c v\u00e0 l\u01b0\u1ee3ng kh\u00e1ch)<\/p>\n<\/li>\n<li data-start=\"880\" data-end=\"951\">\n<p data-start=\"882\" data-end=\"951\">\u01afu ti\u00ean: \u0110\u00e3 t\u1eebng s\u1eed d\u1ee5ng \u1ee9ng d\u1ee5ng qu\u1ea3n l\u00fd nh\u00e0 h\u00e0ng (Ocha, CukCuk, Sapo, iPOS\u2026)<\/p>\n<\/li>\n<li data-start=\"952\" data-end=\"1028\">\n<p data-start=\"954\" data-end=\"1028\">\u01afu ti\u00ean: C\u00f3 kinh nghi\u1ec7m l\u00e0m vi\u1ec7c v\u1edbi c\u00e1c k\u00eanh b\u00e1n h\u00e0ng\/\u0111\u01a1n \u0111\u1eb7t h\u00e0ng giao \u0111\u1ed3 \u0103n (Grab, ShopeeFood\u2026)<\/p>\n<\/li>\n<\/ul>\n<\/div>\n\t\t<\/div> \n\t<\/div>\n\t<\/div> \n<\/div><\/div>\n\t\t\t<\/div> \n\t\t\t<div id=\"tab-quyen-loi\" data-tab-icon=\"\" class=\"wpb_tab ui-tabs-panel wpb_ui-tabs-hide clearfix\">\n\t\t\t\t<div id=\"fws_69f3a6861eb67\" data-midnight=\"\" data-column-margin=\"default\" class=\"wpb_row vc_row-fluid vc_row inner_row\"  style=\"\"><div class=\"row-bg-wrap\"> <div class=\"row-bg\" ><\/div> <\/div><div class=\"row_col_wrap_12_inner col span_12  left\">\n\t<div  class=\"vc_col-sm-12 wpb_column column_container vc_column_container col child_column has-animation padding-3-percent inherit_tablet inherit_phone\"   data-padding-pos=\"top-bottom\" data-has-bg-color=\"false\" data-bg-color=\"\" data-bg-opacity=\"1\" data-animation=\"fade-in-from-bottom\" data-delay=\"100\" >\n\t\t<div class=\"vc_column-inner\" >\n\t\t<div class=\"wpb_wrapper\">\n\t\t\t<div class=\"nectar-responsive-text font_size_min_16px font_size_desktop_2vw font_size_tablet_4vw font_line_height_1-8 nectar-link-underline-effect\"><ul>\n<li data-start=\"1047\" data-end=\"1095\">\n<p data-start=\"1049\" data-end=\"1095\">L\u01b0\u01a1ng: 7\u20139 tri\u1ec7u \u0111\u1ed3ng\/th\u00e1ng (t\u00f9y theo n\u0103ng l\u1ef1c\/ca)<\/p>\n<\/li>\n<li data-start=\"1096\" data-end=\"1149\">\n<p data-start=\"1098\" data-end=\"1149\">Xem x\u00e9t t\u0103ng l\u01b0\u01a1ng d\u1ef1a tr\u00ean hi\u1ec7u su\u1ea5t l\u00e0m vi\u1ec7c v\u00e0 th\u1eddi gian l\u00e0m vi\u1ec7c t\u1ea1i c\u00f4ng ty.<\/p>\n<\/li>\n<li data-start=\"1150\" data-end=\"1175\">\n<p data-start=\"1152\" data-end=\"1175\">Th\u01b0\u1edfng theo hi\u1ec7u su\u1ea5t<\/p>\n<\/li>\n<li data-start=\"1176\" data-end=\"1196\">\n<p data-start=\"1178\" data-end=\"1196\">L\u1ec5 l\u01b0\u01a1ng x2 \/ x3<\/p>\n<\/li>\n<li data-start=\"1197\" data-end=\"1218\">\n<p data-start=\"1199\" data-end=\"1218\">Ph\u1ea7n \u0103n cho nh\u00e2n vi\u00ean<\/p>\n<\/li>\n<li data-start=\"1219\" data-end=\"1244\">\n<p data-start=\"1221\" data-end=\"1244\">Gi\u1ea3m gi\u00e1 khi s\u1eed d\u1ee5ng m\u00f3n \u0103n<\/p>\n<\/li>\n<li data-start=\"1245\" data-end=\"1280\">\n<p data-start=\"1247\" data-end=\"1280\">C\u01a1 h\u1ed9i ph\u00e1t tri\u1ec3n v\u00e0 th\u0103ng ti\u1ebfn<\/p>\n<\/li>\n<li data-start=\"1281\" data-end=\"1303\">\n<p data-start=\"1283\" data-end=\"1303\">L\u1ecbch l\u00e0m vi\u1ec7c linh ho\u1ea1t<\/p>\n<\/li>\n<li data-start=\"1304\" data-end=\"1342\" data-is-last-node=\"\">\n<p data-start=\"1306\" data-end=\"1342\" data-is-last-node=\"\">M\u00f4i tr\u01b0\u1eddng t\u00f4n tr\u1ecdng v\u00e0 chuy\u00ean nghi\u1ec7p<\/p>\n<\/li>\n<\/ul>\n<p>&nbsp;<\/p>\n<p><strong>\u1ee8ng tuy\u1ec3n:<\/strong><br \/>\nEmail: hr@nacotaco.vn<br \/>\nHo\u1eb7c nh\u1eafn tin cho trang fanpage NacoTaco.<\/p>\n<\/div>\n\t\t<\/div> \n\t<\/div>\n\t<\/div> \n<\/div><\/div>\n\t\t\t<\/div> <\/div><\/div>\n\t\t\t<\/div> \n\t\t<\/div>\n\t<\/div> \n<\/div><\/div>","protected":false},"excerpt":{"rendered":"M\u00f4 T\u1ea3 C\u00f4ng Vi\u1ec7cK\u1ef9 N\u0103ng &amp; Y\u00eau C\u1ea7uQuy\u1ec1n L\u1ee3i Thu ng\u00e2n, check bill, x\u1eed l\u00fd thanh to\u00e1n (ti\u1ec1n m\u1eb7t\/chuy\u1ec3n kho\u1ea3n\/th\u1ebb n\u1ebfu c\u00f3) nhanh \u2013 ch\u00ednh x\u00e1c Xu\u1ea5t ho\u00e1 \u0111\u01a1n\/phi\u1ebfu thanh...","protected":false},"author":2,"featured_media":0,"parent":3140,"menu_order":0,"comment_status":"closed","ping_status":"closed","template":"","meta":{"footnotes":""},"class_list":["post-3230","page","type-page","status-publish"],"_links":{"self":[{"href":"https:\/\/naco.company\/vi\/wp-json\/wp\/v2\/pages\/3230","targetHints":{"allow":["GET"]}}],"collection":[{"href":"https:\/\/naco.company\/vi\/wp-json\/wp\/v2\/pages"}],"about":[{"href":"https:\/\/naco.company\/vi\/wp-json\/wp\/v2\/types\/page"}],"author":[{"embeddable":true,"href":"https:\/\/naco.company\/vi\/wp-json\/wp\/v2\/users\/2"}],"replies":[{"embeddable":true,"href":"https:\/\/naco.company\/vi\/wp-json\/wp\/v2\/comments?post=3230"}],"version-history":[{"count":5,"href":"https:\/\/naco.company\/vi\/wp-json\/wp\/v2\/pages\/3230\/revisions"}],"predecessor-version":[{"id":3241,"href":"https:\/\/naco.company\/vi\/wp-json\/wp\/v2\/pages\/3230\/revisions\/3241"}],"up":[{"embeddable":true,"href":"https:\/\/naco.company\/vi\/wp-json\/wp\/v2\/pages\/3140"}],"wp:attachment":[{"href":"https:\/\/naco.company\/vi\/wp-json\/wp\/v2\/media?parent=3230"}],"curies":[{"name":"wp","href":"https:\/\/api.w.org\/{rel}","templated":true}]}}