{"id":3188,"date":"2026-01-15T08:15:10","date_gmt":"2026-01-15T08:15:10","guid":{"rendered":"https:\/\/naco.company\/?page_id=3188"},"modified":"2026-04-08T09:42:44","modified_gmt":"2026-04-08T09:42:44","slug":"line-cook","status":"publish","type":"page","link":"https:\/\/naco.company\/vi\/careers\/line-cook\/","title":{"rendered":"Career &#8211; Line Cook"},"content":{"rendered":"<div id=\"fws_69f3a37f7a55c\"  data-column-margin=\"default\" data-midnight=\"dark\" data-top-percent=\"6%\" data-bottom-percent=\"6%\"  class=\"wpb_row vc_row-fluid vc_row full-width-section\"  style=\"padding-top: calc(100vw * 0.06); padding-bottom: calc(100vw * 0.06); \"><div class=\"row-bg-wrap\" data-bg-animation=\"none\" data-bg-animation-delay=\"\" data-bg-overlay=\"false\"><div class=\"inner-wrap row-bg-layer\" ><div class=\"row-bg viewport-desktop using-bg-color\"  style=\"background-color: #ffffff; \"><\/div><\/div><\/div><div class=\"row_col_wrap_12 col span_12 dark left\">\n\t<div  class=\"vc_col-sm-12 wpb_column column_container vc_column_container col no-extra-padding inherit_tablet inherit_phone\"  data-padding-pos=\"all\" data-has-bg-color=\"false\" data-bg-color=\"\" data-bg-opacity=\"1\" data-animation=\"\" data-delay=\"0\" >\n\t\t<div class=\"vc_column-inner\" >\n\t\t\t<div class=\"wpb_wrapper\">\n\t\t\t\t<div class=\"nectar-scrolling-tabs\" data-m-display=\"visible\" data-nav-tag=\"h3\" data-tab-spacing=\"40%\" data-navigation-width=\"regular\" data-color-scheme=\"accent-color\"><div class=\"scrolling-tab-nav\"><div class=\"line\"><\/div><ul class=\"wpb_tabs_nav ui-tabs-nav\" data-spacing=\"45px\"><li class=\"menu-item active-tab\"><div class=\"menu-content\"><h3 class=\"tab-nav-heading nectar-bg-pseudo-accent-color\"><a class=\"skip-hash\" href=\"#tab_69f3a37f7adbc\"><span>M\u00f4 t\u1ea3 c\u00f4ng vi\u1ec7c<\/span><\/a><\/h3><\/div><\/li><li class=\"menu-item\"><div class=\"menu-content\"><h3 class=\"tab-nav-heading nectar-bg-pseudo-accent-color\"><a class=\"skip-hash\" href=\"#tab_69f3a37f7adc2\"><span>K\u1ef9 n\u0103ng &amp; Y\u00eau c\u1ea7u<\/span><\/a><\/h3><\/div><\/li><li class=\"menu-item\"><div class=\"menu-content\"><h3 class=\"tab-nav-heading nectar-bg-pseudo-accent-color\"><a class=\"skip-hash\" href=\"#tab_69f3a37f7adc5\"><span>Quy\u1ec1n l\u1ee3i<\/span><\/a><\/h3><\/div><\/li><\/ul><\/div><div class=\"scrolling-tab-content\">\n\t\t\t<div id=\"tab-mo-ta-cong-viec\" data-tab-icon=\"\" class=\"wpb_tab ui-tabs-panel wpb_ui-tabs-hide clearfix\">\n\t\t\t\t<div id=\"fws_69f3a37f7b32a\" data-midnight=\"\" data-column-margin=\"default\" class=\"wpb_row vc_row-fluid vc_row inner_row\"  style=\"\"><div class=\"row-bg-wrap\"> <div class=\"row-bg\" ><\/div> <\/div><div class=\"row_col_wrap_12_inner col span_12  left\">\n\t<div  class=\"vc_col-sm-12 wpb_column column_container vc_column_container col child_column has-animation no-extra-padding inherit_tablet inherit_phone\"   data-padding-pos=\"top-bottom\" data-has-bg-color=\"false\" data-bg-color=\"\" data-bg-opacity=\"1\" data-animation=\"fade-in-from-bottom\" data-delay=\"100\" >\n\t\t<div class=\"vc_column-inner\" >\n\t\t<div class=\"wpb_wrapper\">\n\t\t\t<div class=\"nectar-responsive-text font_size_min_16px font_size_desktop_2vw font_size_tablet_4vw font_line_height_1-8 nectar-link-underline-effect\"><ul>\n<li>Chu\u1ea9n b\u1ecb nguy\u00ean li\u1ec7u v\u00e0 n\u1ea5u m\u00f3n theo \u0111\u00fang quy tr\u00ecnh.<\/li>\n<li>B\u1ea3o \u0111\u1ea3m ch\u1ea5t l\u01b0\u1ee3ng, v\u1ec7 sinh v\u00e0 an to\u00e0n th\u1ef1c ph\u1ea9m<\/li>\n<li>H\u1ed7 tr\u1ee3 \u0111\u01b0\u1eddng d\u00e2y b\u1ebfp trong gi\u1edd cao \u0111i\u1ec3m<\/li>\n<li>H\u1ee3p t\u00e1c v\u1edbi \u0111\u1ed9i ng\u0169 BOH \u0111\u1ec3 \u0111\u1ea3m b\u1ea3o ho\u1ea1t \u0111\u1ed9ng di\u1ec5n ra su\u00f4n s\u1ebb.<\/li>\n<li>Th\u1ef1c hi\u1ec7n \u0111\u00fang quy tr\u00ecnh ti\u00eau chu\u1ea9n (SOP) cho c\u00e1c giai \u0111o\u1ea1n chu\u1ea9n b\u1ecb \u2013 v\u1eadn h\u00e0nh \u2013 k\u1ebft th\u00fac ca l\u00e0m vi\u1ec7c.<\/li>\n<li>H\u1ed7 tr\u1ee3 ki\u1ec3m k\u00ea v\u00e0 qu\u1ea3n l\u00fd kho c\u01a1 b\u1ea3n<\/li>\n<li>X\u1eed l\u00fd nhanh c\u00e1c y\u00eau c\u1ea7u t\u1eeb B\u1ebfp Tr\u01b0\u1edfng<\/li>\n<li>Tham gia c\u00e1c kh\u00f3a \u0111\u00e0o t\u1ea1o \u0111\u1ecbnh k\u1ef3 \u0111\u1ec3 n\u00e2ng cao k\u1ef9 n\u0103ng.<\/li>\n<\/ul>\n<\/div>\n\t\t<\/div> \n\t<\/div>\n\t<\/div> \n<\/div><\/div>\n\t\t\t<\/div> \n\t\t\t<div id=\"tab-ky-nang-yeu-cau\" data-tab-icon=\"\" class=\"wpb_tab ui-tabs-panel wpb_ui-tabs-hide clearfix\">\n\t\t\t\t<div id=\"fws_69f3a37f7ba4e\" data-midnight=\"\" data-column-margin=\"default\" class=\"wpb_row vc_row-fluid vc_row inner_row\"  style=\"\"><div class=\"row-bg-wrap\"> <div class=\"row-bg\" ><\/div> <\/div><div class=\"row_col_wrap_12_inner col span_12  left\">\n\t<div  class=\"vc_col-sm-12 wpb_column column_container vc_column_container col child_column has-animation padding-3-percent inherit_tablet inherit_phone\"   data-padding-pos=\"top-bottom\" data-has-bg-color=\"false\" data-bg-color=\"\" data-bg-opacity=\"1\" data-animation=\"fade-in-from-bottom\" data-delay=\"100\" >\n\t\t<div class=\"vc_column-inner\" >\n\t\t<div class=\"wpb_wrapper\">\n\t\t\t<div class=\"nectar-responsive-text font_size_min_16px font_size_desktop_2vw font_size_tablet_4vw font_line_height_1-8 nectar-link-underline-effect\"><ul>\n<li>Ch\u0103m ch\u1ec9, \u0111\u00fang gi\u1edd, k\u1ef7 lu\u1eadt<\/li>\n<li>Tinh th\u1ea7n ham h\u1ecdc h\u1ecfi v\u00e0 th\u00e1i \u0111\u1ed9 t\u00edch c\u1ef1c<\/li>\n<li>L\u00e0m vi\u1ec7c hi\u1ec7u qu\u1ea3 d\u01b0\u1edbi \u00e1p l\u1ef1c v\u00e0 trong m\u00f4i tr\u01b0\u1eddng b\u1ebfp.<\/li>\n<li>K\u1ef9 n\u0103ng giao ti\u1ebfp v\u00e0 l\u00e0m vi\u1ec7c nh\u00f3m t\u1ed1t<\/li>\n<li>Kh\u00f4ng y\u00eau c\u1ea7u kinh nghi\u1ec7m (\u0111\u01b0\u1ee3c \u0111\u00e0o t\u1ea1o)<\/li>\n<li>\u01afu ti\u00ean: C\u00f3 kinh nghi\u1ec7m l\u00e0m vi\u1ec7c trong l\u0129nh v\u1ef1c b\u1ebfp ho\u1eb7c F&amp;B<\/li>\n<\/ul>\n<\/div>\n\t\t<\/div> \n\t<\/div>\n\t<\/div> \n<\/div><\/div>\n\t\t\t<\/div> \n\t\t\t<div id=\"tab-quyen-loi\" data-tab-icon=\"\" class=\"wpb_tab ui-tabs-panel wpb_ui-tabs-hide clearfix\">\n\t\t\t\t<div id=\"fws_69f3a37f7bfaa\" data-midnight=\"\" data-column-margin=\"default\" class=\"wpb_row vc_row-fluid vc_row inner_row\"  style=\"\"><div class=\"row-bg-wrap\"> <div class=\"row-bg\" ><\/div> <\/div><div class=\"row_col_wrap_12_inner col span_12  left\">\n\t<div  class=\"vc_col-sm-12 wpb_column column_container vc_column_container col child_column has-animation padding-3-percent inherit_tablet inherit_phone\"   data-padding-pos=\"top-bottom\" data-has-bg-color=\"false\" data-bg-color=\"\" data-bg-opacity=\"1\" data-animation=\"fade-in-from-bottom\" data-delay=\"100\" >\n\t\t<div class=\"vc_column-inner\" >\n\t\t<div class=\"wpb_wrapper\">\n\t\t\t<div class=\"nectar-responsive-text font_size_min_16px font_size_desktop_2vw font_size_tablet_4vw font_line_height_1-8 nectar-link-underline-effect\"><ul>\n<li>L\u01b0\u01a1ng: t\u1eeb 35.000 \u0111\u1ed3ng\/gi\u1edd<\/li>\n<li>Xem x\u00e9t t\u0103ng l\u01b0\u01a1ng h\u00e0ng th\u00e1ng<\/li>\n<li>Th\u01b0\u1edfng theo hi\u1ec7u su\u1ea5t<\/li>\n<li>L\u1ec5 l\u01b0\u01a1ng x2 \/ x3<\/li>\n<li>Ph\u1ea7n \u0103n cho nh\u00e2n vi\u00ean<\/li>\n<li>Gi\u1ea3m gi\u00e1 khi s\u1eed d\u1ee5ng m\u00f3n \u0103n<\/li>\n<li>C\u01a1 h\u1ed9i ph\u00e1t tri\u1ec3n v\u00e0 th\u0103ng ti\u1ebfn<\/li>\n<li>L\u1ecbch l\u00e0m vi\u1ec7c linh ho\u1ea1t<\/li>\n<li>M\u00f4i tr\u01b0\u1eddng t\u00f4n tr\u1ecdng v\u00e0 chuy\u00ean nghi\u1ec7p<\/li>\n<\/ul>\n<p>&nbsp;<\/p>\n<p><strong>\u1ee8ng tuy\u1ec3n:<\/strong><br \/>\nEmail: hr@nacotaco.vn<br \/>\nHo\u1eb7c nh\u1eafn tin cho trang fanpage NacoTaco.<\/p>\n<\/div>\n\t\t<\/div> \n\t<\/div>\n\t<\/div> \n<\/div><\/div>\n\t\t\t<\/div> <\/div><\/div>\n\t\t\t<\/div> \n\t\t<\/div>\n\t<\/div> \n<\/div><\/div>","protected":false},"excerpt":{"rendered":"M\u00f4 T\u1ea3 C\u00f4ng Vi\u1ec7cK\u1ef9 N\u0103ng &amp; Y\u00eau C\u1ea7uQuy\u1ec1n L\u1ee3i Chu\u1ea9n b\u1ecb nguy\u00ean li\u1ec7u v\u00e0 n\u1ea5u m\u00f3n theo \u0111\u00fang quy tr\u00ecnh Gi\u1eef ch\u1ea5t l\u01b0\u1ee3ng, v\u1ec7 sinh v\u00e0 an to\u00e0n th\u1ef1c ph\u1ea9m...","protected":false},"author":2,"featured_media":0,"parent":3140,"menu_order":0,"comment_status":"closed","ping_status":"closed","template":"","meta":{"footnotes":""},"class_list":["post-3188","page","type-page","status-publish"],"_links":{"self":[{"href":"https:\/\/naco.company\/vi\/wp-json\/wp\/v2\/pages\/3188","targetHints":{"allow":["GET"]}}],"collection":[{"href":"https:\/\/naco.company\/vi\/wp-json\/wp\/v2\/pages"}],"about":[{"href":"https:\/\/naco.company\/vi\/wp-json\/wp\/v2\/types\/page"}],"author":[{"embeddable":true,"href":"https:\/\/naco.company\/vi\/wp-json\/wp\/v2\/users\/2"}],"replies":[{"embeddable":true,"href":"https:\/\/naco.company\/vi\/wp-json\/wp\/v2\/comments?post=3188"}],"version-history":[{"count":19,"href":"https:\/\/naco.company\/vi\/wp-json\/wp\/v2\/pages\/3188\/revisions"}],"predecessor-version":[{"id":3313,"href":"https:\/\/naco.company\/vi\/wp-json\/wp\/v2\/pages\/3188\/revisions\/3313"}],"up":[{"embeddable":true,"href":"https:\/\/naco.company\/vi\/wp-json\/wp\/v2\/pages\/3140"}],"wp:attachment":[{"href":"https:\/\/naco.company\/vi\/wp-json\/wp\/v2\/media?parent=3188"}],"curies":[{"name":"wp","href":"https:\/\/api.w.org\/{rel}","templated":true}]}}